{"id":1560,"date":"2023-10-26T11:24:37","date_gmt":"2023-10-26T11:24:37","guid":{"rendered":"https:\/\/www.limogroup.se\/hyra-vip-buss\/"},"modified":"2024-02-01T12:37:30","modified_gmt":"2024-02-01T12:37:30","slug":"leje-af-vip-bus","status":"publish","type":"page","link":"https:\/\/www.limogroup.se\/dk\/leje-af-vip-bus\/","title":{"rendered":"LEJE AF VIP-BUS"},"content":{"rendered":"","protected":false},"excerpt":{"rendered":"","protected":false},"author":1,"featured_media":0,"parent":0,"menu_order":0,"comment_status":"closed","ping_status":"closed","template":"","meta":{"_acf_changed":false,"footnotes":""},"class_list":["post-1560","page","type-page","status-publish","hentry"],"acf":[],"yoast_head":"<!-- This site is optimized with the Yoast SEO plugin v15.4 - https:\/\/yoast.com\/wordpress\/plugins\/seo\/ -->\n<title>Lej en VIP-bus til eksklusive arrangementer og ture!<\/title>\n<meta name=\"description\" content=\"Leder du efter en premium taxaservice? Med vores private taxaservice f\u00e5r du chauff\u00f8rer med fokus p\u00e5 din komfort. Vi har premium taxa service til dig!\" \/>\n<meta name=\"robots\" content=\"index, follow, max-snippet:-1, max-image-preview:large, max-video-preview:-1\" \/>\n<link rel=\"canonical\" href=\"https:\/\/www.limogroup.se\/dk\/leje-af-vip-bus\/\" \/>\n<meta property=\"og:locale\" content=\"en_US\" \/>\n<meta property=\"og:type\" content=\"article\" \/>\n<meta property=\"og:title\" content=\"Lej en VIP-bus til eksklusive arrangementer og ture!\" \/>\n<meta property=\"og:description\" content=\"Leder du efter en premium taxaservice? Med vores private taxaservice f\u00e5r du chauff\u00f8rer med fokus p\u00e5 din komfort. Vi har premium taxa service til dig!\" \/>\n<meta property=\"og:url\" content=\"https:\/\/www.limogroup.se\/dk\/leje-af-vip-bus\/\" \/>\n<meta property=\"og:site_name\" content=\"Limogroup\" \/>\n<meta property=\"article:modified_time\" content=\"2024-02-01T12:37:30+00:00\" \/>\n<meta name=\"twitter:card\" content=\"summary_large_image\" \/>\n<meta name=\"twitter:label1\" content=\"Written by\">\n\t<meta name=\"twitter:data1\" content=\"tribusoft\">\n<script type=\"application\/ld+json\" class=\"yoast-schema-graph\">{\"@context\":\"https:\/\/schema.org\",\"@graph\":[{\"@type\":\"Organization\",\"@id\":\"https:\/\/www.limogroup.se\/dk\/#organization\",\"name\":\"Limogroup\",\"url\":\"https:\/\/www.limogroup.se\/dk\/\",\"sameAs\":[],\"logo\":{\"@type\":\"ImageObject\",\"@id\":\"https:\/\/www.limogroup.se\/dk\/#logo\",\"inLanguage\":\"DK\",\"url\":\"https:\/\/media1.limogroup.se\/2024\/10\/cropped-old_logo-emblem-32x32-1.png\",\"width\":32,\"height\":32,\"caption\":\"Limogroup\"},\"image\":{\"@id\":\"https:\/\/www.limogroup.se\/dk\/#logo\"}},{\"@type\":\"WebSite\",\"@id\":\"https:\/\/www.limogroup.se\/dk\/#website\",\"url\":\"https:\/\/www.limogroup.se\/dk\/\",\"name\":\"Limogroup\",\"description\":\"Just another WordPress site\",\"publisher\":{\"@id\":\"https:\/\/www.limogroup.se\/dk\/#organization\"},\"potentialAction\":[{\"@type\":\"SearchAction\",\"target\":\"https:\/\/www.limogroup.se\/dk\/?s={search_term_string}\",\"query-input\":\"required name=search_term_string\"}],\"inLanguage\":\"DK\"},{\"@type\":\"WebPage\",\"@id\":\"https:\/\/www.limogroup.se\/dk\/leje-af-vip-bus\/#webpage\",\"url\":\"https:\/\/www.limogroup.se\/dk\/leje-af-vip-bus\/\",\"name\":\"Lej en VIP-bus til eksklusive arrangementer og ture!\",\"isPartOf\":{\"@id\":\"https:\/\/www.limogroup.se\/dk\/#website\"},\"datePublished\":\"2023-10-26T11:24:37+00:00\",\"dateModified\":\"2024-02-01T12:37:30+00:00\",\"description\":\"Leder du efter en premium taxaservice? Med vores private taxaservice f\\u00e5r du chauff\\u00f8rer med fokus p\\u00e5 din komfort. Vi har premium taxa service til dig!\",\"inLanguage\":\"DK\",\"potentialAction\":[{\"@type\":\"ReadAction\",\"target\":[\"https:\/\/www.limogroup.se\/dk\/leje-af-vip-bus\/\"]}]}]}<\/script>\n<!-- \/ Yoast SEO plugin. -->","_links":{"self":[{"href":"https:\/\/www.limogroup.se\/dk\/wp-json\/wp\/v2\/pages\/1560","targetHints":{"allow":["GET"]}}],"collection":[{"href":"https:\/\/www.limogroup.se\/dk\/wp-json\/wp\/v2\/pages"}],"about":[{"href":"https:\/\/www.limogroup.se\/dk\/wp-json\/wp\/v2\/types\/page"}],"author":[{"embeddable":true,"href":"https:\/\/www.limogroup.se\/dk\/wp-json\/wp\/v2\/users\/1"}],"replies":[{"embeddable":true,"href":"https:\/\/www.limogroup.se\/dk\/wp-json\/wp\/v2\/comments?post=1560"}],"version-history":[{"count":1,"href":"https:\/\/www.limogroup.se\/dk\/wp-json\/wp\/v2\/pages\/1560\/revisions"}],"predecessor-version":[{"id":1662,"href":"https:\/\/www.limogroup.se\/dk\/wp-json\/wp\/v2\/pages\/1560\/revisions\/1662"}],"wp:attachment":[{"href":"https:\/\/www.limogroup.se\/dk\/wp-json\/wp\/v2\/media?parent=1560"}],"curies":[{"name":"wp","href":"https:\/\/api.w.org\/{rel}","templated":true}]}}