{"id":1566,"date":"2020-12-11T10:14:13","date_gmt":"2020-12-11T10:14:13","guid":{"rendered":"https:\/\/www.limogroup.se\/privatchauffor-goteborg\/"},"modified":"2024-02-01T12:41:50","modified_gmt":"2024-02-01T12:41:50","slug":"privatchauffor-goteborg","status":"publish","type":"page","link":"https:\/\/www.limogroup.se\/dk\/privatchauffor-goteborg\/","title":{"rendered":"Privatchauff\u00f8r &#8211; G\u00f6teborg"},"content":{"rendered":"","protected":false},"excerpt":{"rendered":"","protected":false},"author":1,"featured_media":0,"parent":0,"menu_order":0,"comment_status":"closed","ping_status":"closed","template":"","meta":{"_acf_changed":false,"footnotes":""},"class_list":["post-1566","page","type-page","status-publish","hentry"],"acf":[],"yoast_head":"<!-- This site is optimized with the Yoast SEO plugin v15.4 - https:\/\/yoast.com\/wordpress\/plugins\/seo\/ -->\n<title>Privat chauff\u00f8r i G\u00f8teborg | Limogroup.se<\/title>\n<meta name=\"description\" content=\"Overvejer du at hyre en privatchauff\u00f8r i G\u00f8teborg? Vi hos Limogroup har pr\u00e6cis det, du leder efter.\" \/>\n<meta name=\"robots\" content=\"index, follow, max-snippet:-1, max-image-preview:large, max-video-preview:-1\" \/>\n<link rel=\"canonical\" href=\"https:\/\/www.limogroup.se\/dk\/privatchauffor-goteborg\/\" \/>\n<meta property=\"og:locale\" content=\"en_US\" \/>\n<meta property=\"og:type\" content=\"article\" \/>\n<meta property=\"og:title\" content=\"Privat chauff\u00f8r i G\u00f8teborg | Limogroup.se\" \/>\n<meta property=\"og:description\" content=\"Overvejer du at hyre en privatchauff\u00f8r i G\u00f8teborg? Vi hos Limogroup har pr\u00e6cis det, du leder efter.\" \/>\n<meta property=\"og:url\" content=\"https:\/\/www.limogroup.se\/dk\/privatchauffor-goteborg\/\" \/>\n<meta property=\"og:site_name\" content=\"Limogroup\" \/>\n<meta property=\"article:modified_time\" content=\"2024-02-01T12:41:50+00:00\" \/>\n<meta name=\"twitter:card\" content=\"summary_large_image\" \/>\n<meta name=\"twitter:label1\" content=\"Written by\">\n\t<meta name=\"twitter:data1\" content=\"tribusoft\">\n<script type=\"application\/ld+json\" class=\"yoast-schema-graph\">{\"@context\":\"https:\/\/schema.org\",\"@graph\":[{\"@type\":\"Organization\",\"@id\":\"https:\/\/www.limogroup.se\/dk\/#organization\",\"name\":\"Limogroup\",\"url\":\"https:\/\/www.limogroup.se\/dk\/\",\"sameAs\":[],\"logo\":{\"@type\":\"ImageObject\",\"@id\":\"https:\/\/www.limogroup.se\/dk\/#logo\",\"inLanguage\":\"DK\",\"url\":\"https:\/\/media1.limogroup.se\/2024\/10\/cropped-old_logo-emblem-32x32-1.png\",\"width\":32,\"height\":32,\"caption\":\"Limogroup\"},\"image\":{\"@id\":\"https:\/\/www.limogroup.se\/dk\/#logo\"}},{\"@type\":\"WebSite\",\"@id\":\"https:\/\/www.limogroup.se\/dk\/#website\",\"url\":\"https:\/\/www.limogroup.se\/dk\/\",\"name\":\"Limogroup\",\"description\":\"Just another WordPress site\",\"publisher\":{\"@id\":\"https:\/\/www.limogroup.se\/dk\/#organization\"},\"potentialAction\":[{\"@type\":\"SearchAction\",\"target\":\"https:\/\/www.limogroup.se\/dk\/?s={search_term_string}\",\"query-input\":\"required name=search_term_string\"}],\"inLanguage\":\"DK\"},{\"@type\":\"WebPage\",\"@id\":\"https:\/\/www.limogroup.se\/dk\/privatchauffor-goteborg\/#webpage\",\"url\":\"https:\/\/www.limogroup.se\/dk\/privatchauffor-goteborg\/\",\"name\":\"Privat chauff\\u00f8r i G\\u00f8teborg | Limogroup.se\",\"isPartOf\":{\"@id\":\"https:\/\/www.limogroup.se\/dk\/#website\"},\"datePublished\":\"2020-12-11T10:14:13+00:00\",\"dateModified\":\"2024-02-01T12:41:50+00:00\",\"description\":\"Overvejer du at hyre en privatchauff\\u00f8r i G\\u00f8teborg? Vi hos Limogroup har pr\\u00e6cis det, du leder efter.\",\"inLanguage\":\"DK\",\"potentialAction\":[{\"@type\":\"ReadAction\",\"target\":[\"https:\/\/www.limogroup.se\/dk\/privatchauffor-goteborg\/\"]}]}]}<\/script>\n<!-- \/ Yoast SEO plugin. -->","_links":{"self":[{"href":"https:\/\/www.limogroup.se\/dk\/wp-json\/wp\/v2\/pages\/1566","targetHints":{"allow":["GET"]}}],"collection":[{"href":"https:\/\/www.limogroup.se\/dk\/wp-json\/wp\/v2\/pages"}],"about":[{"href":"https:\/\/www.limogroup.se\/dk\/wp-json\/wp\/v2\/types\/page"}],"author":[{"embeddable":true,"href":"https:\/\/www.limogroup.se\/dk\/wp-json\/wp\/v2\/users\/1"}],"replies":[{"embeddable":true,"href":"https:\/\/www.limogroup.se\/dk\/wp-json\/wp\/v2\/comments?post=1566"}],"version-history":[{"count":2,"href":"https:\/\/www.limogroup.se\/dk\/wp-json\/wp\/v2\/pages\/1566\/revisions"}],"predecessor-version":[{"id":1669,"href":"https:\/\/www.limogroup.se\/dk\/wp-json\/wp\/v2\/pages\/1566\/revisions\/1669"}],"wp:attachment":[{"href":"https:\/\/www.limogroup.se\/dk\/wp-json\/wp\/v2\/media?parent=1566"}],"curies":[{"name":"wp","href":"https:\/\/api.w.org\/{rel}","templated":true}]}}